{"id":3224,"date":"2023-03-26T19:13:32","date_gmt":"2023-03-26T17:13:32","guid":{"rendered":"https:\/\/domainedelafaisanderie.be\/domainedelafaisanderie\/?page_id=3224"},"modified":"2024-11-27T11:27:48","modified_gmt":"2024-11-27T10:27:48","slug":"algemene-verkoopvoorwaarden","status":"publish","type":"page","link":"https:\/\/domainedelafaisanderie.be\/domainedelafaisanderie\/nl\/algemene-verkoopvoorwaarden\/","title":{"rendered":"<a href=\"https:\/\/www.lescabanesderensiwez.be\/nl\/algemene-verkoopvoorwaarden\/\">Algemene verkoopvoorwaarden<\/a>"},"content":{"rendered":"\t\t<div data-elementor-type=\"wp-page\" data-elementor-id=\"3224\" class=\"elementor elementor-3224\">\n\t\t\t\t\t\t<section class=\"elementor-section elementor-top-section elementor-element elementor-element-41775d1 elementor-section-boxed elementor-section-height-default elementor-section-height-default\" data-id=\"41775d1\" data-element_type=\"section\" data-e-type=\"section\" data-settings=\"{&quot;shape_divider_top&quot;:&quot;mountains&quot;}\">\n\t\t\t\t\t<div class=\"elementor-shape elementor-shape-top\" aria-hidden=\"true\" data-negative=\"false\">\n\t\t\t<svg xmlns=\"http:\/\/www.w3.org\/2000\/svg\" viewBox=\"0 0 1000 100\" preserveAspectRatio=\"none\">\n\t<path class=\"elementor-shape-fill\" opacity=\"0.33\" d=\"M473,67.3c-203.9,88.3-263.1-34-320.3,0C66,119.1,0,59.7,0,59.7V0h1000v59.7 c0,0-62.1,26.1-94.9,29.3c-32.8,3.3-62.8-12.3-75.8-22.1C806,49.6,745.3,8.7,694.9,4.7S492.4,59,473,67.3z\"\/>\n\t<path class=\"elementor-shape-fill\" opacity=\"0.66\" d=\"M734,67.3c-45.5,0-77.2-23.2-129.1-39.1c-28.6-8.7-150.3-10.1-254,39.1 s-91.7-34.4-149.2,0C115.7,118.3,0,39.8,0,39.8V0h1000v36.5c0,0-28.2-18.5-92.1-18.5C810.2,18.1,775.7,67.3,734,67.3z\"\/>\n\t<path class=\"elementor-shape-fill\" d=\"M766.1,28.9c-200-57.5-266,65.5-395.1,19.5C242,1.8,242,5.4,184.8,20.6C128,35.8,132.3,44.9,89.9,52.5C28.6,63.7,0,0,0,0 h1000c0,0-9.9,40.9-83.6,48.1S829.6,47,766.1,28.9z\"\/>\n<\/svg>\t\t<\/div>\n\t\t\t\t\t<div class=\"elementor-container elementor-column-gap-default\">\n\t\t\t\t\t<div class=\"elementor-column elementor-col-100 elementor-top-column elementor-element elementor-element-e415ac1\" data-id=\"e415ac1\" data-element_type=\"column\" data-e-type=\"column\">\n\t\t\t<div class=\"elementor-widget-wrap elementor-element-populated\">\n\t\t\t\t\t\t<div class=\"elementor-element elementor-element-c56abf8 elementor-widget elementor-widget-spacer\" data-id=\"c56abf8\" data-element_type=\"widget\" data-e-type=\"widget\" data-widget_type=\"spacer.default\">\n\t\t\t\t<div class=\"elementor-widget-container\">\n\t\t\t\t\t\t\t<div class=\"elementor-spacer\">\n\t\t\t<div class=\"elementor-spacer-inner\"><\/div>\n\t\t<\/div>\n\t\t\t\t\t\t<\/div>\n\t\t\t\t<\/div>\n\t\t\t\t<div class=\"elementor-element elementor-element-eaa6060 elementor-widget elementor-widget-heading\" data-id=\"eaa6060\" data-element_type=\"widget\" data-e-type=\"widget\" data-widget_type=\"heading.default\">\n\t\t\t\t<div class=\"elementor-widget-container\">\n\t\t\t\t\t<h1 class=\"elementor-heading-title elementor-size-default\">Algemene verkoopvoorwaarden<\/h1>\t\t\t\t<\/div>\n\t\t\t\t<\/div>\n\t\t\t\t\t<\/div>\n\t\t<\/div>\n\t\t\t\t\t<\/div>\n\t\t<\/section>\n\t\t\t\t<section class=\"elementor-section elementor-top-section elementor-element elementor-element-c4bf157 elementor-section-boxed elementor-section-height-default elementor-section-height-default\" data-id=\"c4bf157\" data-element_type=\"section\" data-e-type=\"section\">\n\t\t\t\t\t\t<div class=\"elementor-container elementor-column-gap-default\">\n\t\t\t\t\t<div class=\"elementor-column elementor-col-100 elementor-top-column elementor-element elementor-element-fa3373f\" data-id=\"fa3373f\" data-element_type=\"column\" data-e-type=\"column\">\n\t\t\t<div class=\"elementor-widget-wrap elementor-element-populated\">\n\t\t\t\t\t\t\t<\/div>\n\t\t<\/div>\n\t\t\t\t\t<\/div>\n\t\t<\/section>\n\t\t\t\t<section class=\"elementor-section elementor-top-section elementor-element elementor-element-bc856fe elementor-section-boxed elementor-section-height-default elementor-section-height-default\" data-id=\"bc856fe\" data-element_type=\"section\" data-e-type=\"section\">\n\t\t\t\t\t\t<div class=\"elementor-container elementor-column-gap-default\">\n\t\t\t\t\t<div class=\"elementor-column elementor-col-100 elementor-top-column elementor-element elementor-element-254fa40\" data-id=\"254fa40\" data-element_type=\"column\" data-e-type=\"column\">\n\t\t\t<div class=\"elementor-widget-wrap elementor-element-populated\">\n\t\t\t\t\t\t<div class=\"elementor-element elementor-element-8b54862 elementor-widget elementor-widget-text-editor\" data-id=\"8b54862\" data-element_type=\"widget\" data-e-type=\"widget\" data-widget_type=\"text-editor.default\">\n\t\t\t\t<div class=\"elementor-widget-container\">\n\t\t\t\t\t\t\t\t\t<h3 style=\"font-weight: 400;\">Condition 1 &#8211; Objet des conditions g\u00e9n\u00e9rales de vente<\/h3><p>Les pr\u00e9sentes Conditions G\u00e9n\u00e9rales de Vente d\u00e9terminent les droits et obligations des parties dans le cadre de la vente de Produits propos\u00e9s par le Vendeur. Les pr\u00e9sentes Conditions G\u00e9n\u00e9rales de Vente (CGV) s\u2019appliquent \u00e0 toutes les ventes de Produits, effectu\u00e9es en physique et au travers du site Internet de la Soci\u00e9t\u00e9. Le Vendeur se r\u00e9serve la possibilit\u00e9 de modifier les pr\u00e9sentes, \u00e0 tout moment par la publication d\u2019une nouvelle version sur son site Internet ou sur ses devis. Le Client d\u00e9clare avoir pris connaissance de l\u2019ensemble des pr\u00e9sentes Conditions G\u00e9n\u00e9rales de Vente, et le cas \u00e9ch\u00e9ant des Conditions Particuli\u00e8res de Vente li\u00e9es \u00e0 un produit ou \u00e0 un service, et les accepter sans restriction ni r\u00e9serve. Le Client reconnait qu\u2019il a b\u00e9n\u00e9fici\u00e9 des conseils et informations n\u00e9cessaires afin de s\u2019assurer de l\u2019ad\u00e9quation de l\u2019offre \u00e0 ses besoins. Le Client d\u00e9clare \u00eatre en mesure de contracter l\u00e9galement en vertu des lois belges ou valablement repr\u00e9senter la personne physique ou morale pour laquelle il s\u2019engage.<\/p>\t\t\t\t\t\t\t\t<\/div>\n\t\t\t\t<\/div>\n\t\t\t\t\t<\/div>\n\t\t<\/div>\n\t\t\t\t\t<\/div>\n\t\t<\/section>\n\t\t\t\t<section class=\"elementor-section elementor-top-section elementor-element elementor-element-ce5edf8 elementor-section-boxed elementor-section-height-default elementor-section-height-default\" data-id=\"ce5edf8\" data-element_type=\"section\" data-e-type=\"section\">\n\t\t\t\t\t\t<div class=\"elementor-container elementor-column-gap-default\">\n\t\t\t\t\t<div class=\"elementor-column elementor-col-100 elementor-top-column elementor-element elementor-element-c0873d1\" data-id=\"c0873d1\" data-element_type=\"column\" data-e-type=\"column\">\n\t\t\t<div class=\"elementor-widget-wrap elementor-element-populated\">\n\t\t\t\t\t\t<div class=\"elementor-element elementor-element-869f691 elementor-widget elementor-widget-text-editor\" data-id=\"869f691\" data-element_type=\"widget\" data-e-type=\"widget\" data-widget_type=\"text-editor.default\">\n\t\t\t\t<div class=\"elementor-widget-container\">\n\t\t\t\t\t\t\t\t\t<h3 style=\"font-weight: 400;\">Condition 3 &#8211; Donn\u00e9es<\/h3><p>Tout client ayant pass\u00e9 au minimum une r\u00e9servation est inscrit automatiquement et gratuitement dans le fichier clients du Domaine de la Faisanderie. Le Domaine de la Faisanderie assure que les donn\u00e9es resteront confidentielles et ne seront jamais transmises sauf accord avec le client. Le traitement de vos donn\u00e9es sera fait en toute conformit\u00e9 avec le R\u00e8glement g\u00e9n\u00e9ral sur la protection des donn\u00e9es (RGPD).<\/p>\t\t\t\t\t\t\t\t<\/div>\n\t\t\t\t<\/div>\n\t\t\t\t\t<\/div>\n\t\t<\/div>\n\t\t\t\t\t<\/div>\n\t\t<\/section>\n\t\t\t\t<section class=\"elementor-section elementor-top-section elementor-element elementor-element-32fec29 elementor-section-boxed elementor-section-height-default elementor-section-height-default\" data-id=\"32fec29\" data-element_type=\"section\" data-e-type=\"section\">\n\t\t\t\t\t\t<div class=\"elementor-container elementor-column-gap-default\">\n\t\t\t\t\t<div class=\"elementor-column elementor-col-100 elementor-top-column elementor-element elementor-element-bdd14f2\" data-id=\"bdd14f2\" data-element_type=\"column\" data-e-type=\"column\">\n\t\t\t<div class=\"elementor-widget-wrap elementor-element-populated\">\n\t\t\t\t\t\t<div class=\"elementor-element elementor-element-8cbfec0 elementor-widget elementor-widget-text-editor\" data-id=\"8cbfec0\" data-element_type=\"widget\" data-e-type=\"widget\" data-widget_type=\"text-editor.default\">\n\t\t\t\t<div class=\"elementor-widget-container\">\n\t\t\t\t\t\t\t\t\t<div class=\"elementor-element elementor-element-x2w4abz elementor-widget elementor-widget-heading\" data-id=\"x2w4abz\" data-element_type=\"heading.default\"><div class=\"elementor-widget-container\"><h3 class=\"elementor-heading-title elementor-size-default\">Condition 10 &#8211; Propri\u00e9t\u00e9 intellectuelle du logiciel et du contenu<\/h3><\/div><\/div><div class=\"elementor-element elementor-element-ujzjycg elementor-widget elementor-widget-text-editor\" data-id=\"ujzjycg\" data-element_type=\"text-editor.default\"><div class=\"elementor-widget-container\"><div class=\"elementor-text-editor elementor-clearfix\"><p>L&rsquo;ensemble du contenu sur le site du Domaine de la Faisanderie, que ce soit ldes images, photographies, vid\u00e9os, logo, marques, noms de domaines, textes, etc. appartiennent \u00e0 la soci\u00e9t\u00e9 Domaine de la Faisanderie et sont prot\u00e9g\u00e9es par les dispositions du Droit de propri\u00e9t\u00e9 intellectuelle.<\/p><\/div><\/div><\/div>\t\t\t\t\t\t\t\t<\/div>\n\t\t\t\t<\/div>\n\t\t\t\t\t<\/div>\n\t\t<\/div>\n\t\t\t\t\t<\/div>\n\t\t<\/section>\n\t\t\t\t<section class=\"elementor-section elementor-top-section elementor-element elementor-element-d55bb32 elementor-section-boxed elementor-section-height-default elementor-section-height-default\" data-id=\"d55bb32\" data-element_type=\"section\" data-e-type=\"section\" data-settings=\"{&quot;shape_divider_bottom&quot;:&quot;mountains&quot;}\">\n\t\t\t\t\t<div class=\"elementor-shape elementor-shape-bottom\" aria-hidden=\"true\" data-negative=\"false\">\n\t\t\t<svg xmlns=\"http:\/\/www.w3.org\/2000\/svg\" viewBox=\"0 0 1000 100\" preserveAspectRatio=\"none\">\n\t<path class=\"elementor-shape-fill\" opacity=\"0.33\" d=\"M473,67.3c-203.9,88.3-263.1-34-320.3,0C66,119.1,0,59.7,0,59.7V0h1000v59.7 c0,0-62.1,26.1-94.9,29.3c-32.8,3.3-62.8-12.3-75.8-22.1C806,49.6,745.3,8.7,694.9,4.7S492.4,59,473,67.3z\"\/>\n\t<path class=\"elementor-shape-fill\" opacity=\"0.66\" d=\"M734,67.3c-45.5,0-77.2-23.2-129.1-39.1c-28.6-8.7-150.3-10.1-254,39.1 s-91.7-34.4-149.2,0C115.7,118.3,0,39.8,0,39.8V0h1000v36.5c0,0-28.2-18.5-92.1-18.5C810.2,18.1,775.7,67.3,734,67.3z\"\/>\n\t<path class=\"elementor-shape-fill\" d=\"M766.1,28.9c-200-57.5-266,65.5-395.1,19.5C242,1.8,242,5.4,184.8,20.6C128,35.8,132.3,44.9,89.9,52.5C28.6,63.7,0,0,0,0 h1000c0,0-9.9,40.9-83.6,48.1S829.6,47,766.1,28.9z\"\/>\n<\/svg>\t\t<\/div>\n\t\t\t\t\t<div class=\"elementor-container elementor-column-gap-default\">\n\t\t\t\t\t<div class=\"elementor-column elementor-col-100 elementor-top-column elementor-element elementor-element-dc0c351\" data-id=\"dc0c351\" data-element_type=\"column\" data-e-type=\"column\">\n\t\t\t<div class=\"elementor-widget-wrap elementor-element-populated\">\n\t\t\t\t\t\t<div class=\"elementor-element elementor-element-86e6fd5 elementor-widget elementor-widget-spacer\" data-id=\"86e6fd5\" data-element_type=\"widget\" data-e-type=\"widget\" data-widget_type=\"spacer.default\">\n\t\t\t\t<div class=\"elementor-widget-container\">\n\t\t\t\t\t\t\t<div class=\"elementor-spacer\">\n\t\t\t<div class=\"elementor-spacer-inner\"><\/div>\n\t\t<\/div>\n\t\t\t\t\t\t<\/div>\n\t\t\t\t<\/div>\n\t\t\t\t\t<\/div>\n\t\t<\/div>\n\t\t\t\t\t<\/div>\n\t\t<\/section>\n\t\t\t\t<\/div>\n\t\t","protected":false},"excerpt":{"rendered":"<p>Algemene verkoopvoorwaarden Condition 1 &#8211; Objet des conditions g\u00e9n\u00e9rales de vente Les pr\u00e9sentes Conditions G\u00e9n\u00e9rales de Vente d\u00e9terminent les droits et obligations des parties dans le cadre de la vente de Produits propos\u00e9s par le Vendeur. Les pr\u00e9sentes Conditions G\u00e9n\u00e9rales de Vente (CGV) s\u2019appliquent \u00e0 toutes les ventes de Produits, effectu\u00e9es en physique et au [&hellip;]<\/p>\n","protected":false},"author":1,"featured_media":0,"parent":0,"menu_order":0,"comment_status":"closed","ping_status":"closed","template":"","meta":{"om_disable_all_campaigns":false,"_monsterinsights_skip_tracking":false,"_monsterinsights_sitenote_active":false,"_monsterinsights_sitenote_note":"","_monsterinsights_sitenote_category":0,"site-sidebar-layout":"no-sidebar","site-content-layout":"page-builder","ast-site-content-layout":"","site-content-style":"default","site-sidebar-style":"default","ast-global-header-display":"","ast-banner-title-visibility":"","ast-main-header-display":"","ast-hfb-above-header-display":"","ast-hfb-below-header-display":"","ast-hfb-mobile-header-display":"","site-post-title":"disabled","ast-breadcrumbs-content":"","ast-featured-img":"disabled","footer-sml-layout":"","theme-transparent-header-meta":"","adv-header-id-meta":"","stick-header-meta":"","header-above-stick-meta":"","header-main-stick-meta":"","header-below-stick-meta":"","astra-migrate-meta-layouts":"default","ast-page-background-enabled":"default","ast-page-background-meta":{"desktop":{"background-color":"var(--ast-global-color-4)","background-image":"","background-repeat":"repeat","background-position":"center center","background-size":"auto","background-attachment":"scroll","background-type":"","background-media":"","overlay-type":"","overlay-color":"","overlay-opacity":"","overlay-gradient":""},"tablet":{"background-color":"","background-image":"","background-repeat":"repeat","background-position":"center center","background-size":"auto","background-attachment":"scroll","background-type":"","background-media":"","overlay-type":"","overlay-color":"","overlay-opacity":"","overlay-gradient":""},"mobile":{"background-color":"","background-image":"","background-repeat":"repeat","background-position":"center center","background-size":"auto","background-attachment":"scroll","background-type":"","background-media":"","overlay-type":"","overlay-color":"","overlay-opacity":"","overlay-gradient":""}},"ast-content-background-meta":{"desktop":{"background-color":"var(--ast-global-color-5)","background-image":"","background-repeat":"repeat","background-position":"center center","background-size":"auto","background-attachment":"scroll","background-type":"","background-media":"","overlay-type":"","overlay-color":"","overlay-opacity":"","overlay-gradient":""},"tablet":{"background-color":"var(--ast-global-color-5)","background-image":"","background-repeat":"repeat","background-position":"center center","background-size":"auto","background-attachment":"scroll","background-type":"","background-media":"","overlay-type":"","overlay-color":"","overlay-opacity":"","overlay-gradient":""},"mobile":{"background-color":"var(--ast-global-color-5)","background-image":"","background-repeat":"repeat","background-position":"center center","background-size":"auto","background-attachment":"scroll","background-type":"","background-media":"","overlay-type":"","overlay-color":"","overlay-opacity":"","overlay-gradient":""}},"footnotes":""},"class_list":["post-3224","page","type-page","status-publish","hentry"],"aioseo_notices":[],"yoast_head":"<!-- This site is optimized with the Yoast SEO plugin v26.6 - https:\/\/yoast.com\/wordpress\/plugins\/seo\/ -->\n<title>Algemene verkoopvoorwaarden - DOMAINE DE LA FAISANDERIE<\/title>\n<meta name=\"robots\" content=\"index, follow, max-snippet:-1, max-image-preview:large, max-video-preview:-1\" \/>\n<link rel=\"canonical\" href=\"https:\/\/domainedelafaisanderie.be\/domainedelafaisanderie\/nl\/algemene-verkoopvoorwaarden\/\" \/>\n<meta property=\"og:locale\" content=\"fr_FR\" \/>\n<meta property=\"og:type\" content=\"article\" \/>\n<meta property=\"og:title\" content=\"Algemene verkoopvoorwaarden - DOMAINE DE LA FAISANDERIE\" \/>\n<meta property=\"og:description\" content=\"Algemene verkoopvoorwaarden Condition 1 &#8211; Objet des conditions g\u00e9n\u00e9rales de vente Les pr\u00e9sentes Conditions G\u00e9n\u00e9rales de Vente d\u00e9terminent les droits et obligations des parties dans le cadre de la vente de Produits propos\u00e9s par le Vendeur. Les pr\u00e9sentes Conditions G\u00e9n\u00e9rales de Vente (CGV) s\u2019appliquent \u00e0 toutes les ventes de Produits, effectu\u00e9es en physique et au [&hellip;]\" \/>\n<meta property=\"og:url\" content=\"https:\/\/domainedelafaisanderie.be\/domainedelafaisanderie\/nl\/algemene-verkoopvoorwaarden\/\" \/>\n<meta property=\"og:site_name\" content=\"DOMAINE DE LA FAISANDERIE\" \/>\n<meta property=\"article:publisher\" content=\"https:\/\/www.facebook.com\/profile.php?id=100090918888960\" \/>\n<meta property=\"article:modified_time\" content=\"2024-11-27T10:27:48+00:00\" \/>\n<meta property=\"og:image\" content=\"https:\/\/domainedelafaisanderie.be\/domainedelafaisanderie\/wp-content\/uploads\/2023\/06\/DSC_7794-scaled.jpg\" \/>\n\t<meta property=\"og:image:width\" content=\"2560\" \/>\n\t<meta property=\"og:image:height\" content=\"1703\" \/>\n\t<meta property=\"og:image:type\" content=\"image\/jpeg\" \/>\n<meta name=\"twitter:card\" content=\"summary_large_image\" \/>\n<meta name=\"twitter:label1\" content=\"Dur\u00e9e de lecture estim\u00e9e\" \/>\n\t<meta name=\"twitter:data1\" content=\"2 minutes\" \/>\n<script type=\"application\/ld+json\" class=\"yoast-schema-graph\">{\"@context\":\"https:\/\/schema.org\",\"@graph\":[{\"@type\":\"WebPage\",\"@id\":\"https:\/\/domainedelafaisanderie.be\/domainedelafaisanderie\/nl\/algemene-verkoopvoorwaarden\/\",\"url\":\"https:\/\/domainedelafaisanderie.be\/domainedelafaisanderie\/nl\/algemene-verkoopvoorwaarden\/\",\"name\":\"Algemene verkoopvoorwaarden - DOMAINE DE LA FAISANDERIE\",\"isPartOf\":{\"@id\":\"https:\/\/domainedelafaisanderie.be\/domainedelafaisanderie\/#website\"},\"datePublished\":\"2023-03-26T17:13:32+00:00\",\"dateModified\":\"2024-11-27T10:27:48+00:00\",\"breadcrumb\":{\"@id\":\"https:\/\/domainedelafaisanderie.be\/domainedelafaisanderie\/nl\/algemene-verkoopvoorwaarden\/#breadcrumb\"},\"inLanguage\":\"fr-FR\",\"potentialAction\":[{\"@type\":\"ReadAction\",\"target\":[\"https:\/\/domainedelafaisanderie.be\/domainedelafaisanderie\/nl\/algemene-verkoopvoorwaarden\/\"]}]},{\"@type\":\"BreadcrumbList\",\"@id\":\"https:\/\/domainedelafaisanderie.be\/domainedelafaisanderie\/nl\/algemene-verkoopvoorwaarden\/#breadcrumb\",\"itemListElement\":[{\"@type\":\"ListItem\",\"position\":1,\"name\":\"Accueil\",\"item\":\"https:\/\/domainedelafaisanderie.be\/domainedelafaisanderie\/\"},{\"@type\":\"ListItem\",\"position\":2,\"name\":\"Algemene verkoopvoorwaarden\"}]},{\"@type\":\"WebSite\",\"@id\":\"https:\/\/domainedelafaisanderie.be\/domainedelafaisanderie\/#website\",\"url\":\"https:\/\/domainedelafaisanderie.be\/domainedelafaisanderie\/\",\"name\":\"DOMAINE DE LA FAISANDERIE\",\"description\":\"NUITS INSOLITES\",\"publisher\":{\"@id\":\"https:\/\/domainedelafaisanderie.be\/domainedelafaisanderie\/#organization\"},\"potentialAction\":[{\"@type\":\"SearchAction\",\"target\":{\"@type\":\"EntryPoint\",\"urlTemplate\":\"https:\/\/domainedelafaisanderie.be\/domainedelafaisanderie\/?s={search_term_string}\"},\"query-input\":{\"@type\":\"PropertyValueSpecification\",\"valueRequired\":true,\"valueName\":\"search_term_string\"}}],\"inLanguage\":\"fr-FR\"},{\"@type\":\"Organization\",\"@id\":\"https:\/\/domainedelafaisanderie.be\/domainedelafaisanderie\/#organization\",\"name\":\"DOMAINE DE LA FAISANDERIE\",\"url\":\"https:\/\/domainedelafaisanderie.be\/domainedelafaisanderie\/\",\"logo\":{\"@type\":\"ImageObject\",\"inLanguage\":\"fr-FR\",\"@id\":\"https:\/\/domainedelafaisanderie.be\/domainedelafaisanderie\/#\/schema\/logo\/image\/\",\"url\":\"https:\/\/domainedelafaisanderie.be\/domainedelafaisanderie\/wp-content\/uploads\/2023\/08\/cropped-Logo_Entete_SIte.png\",\"contentUrl\":\"https:\/\/domainedelafaisanderie.be\/domainedelafaisanderie\/wp-content\/uploads\/2023\/08\/cropped-Logo_Entete_SIte.png\",\"width\":720,\"height\":603,\"caption\":\"DOMAINE DE LA FAISANDERIE\"},\"image\":{\"@id\":\"https:\/\/domainedelafaisanderie.be\/domainedelafaisanderie\/#\/schema\/logo\/image\/\"},\"sameAs\":[\"https:\/\/www.facebook.com\/profile.php?id=100090918888960\",\"https:\/\/www.instagram.com\/domaine_faisanderie\/\"]}]}<\/script>\n<!-- \/ Yoast SEO plugin. -->","yoast_head_json":{"title":"Algemene verkoopvoorwaarden - DOMAINE DE LA FAISANDERIE","robots":{"index":"index","follow":"follow","max-snippet":"max-snippet:-1","max-image-preview":"max-image-preview:large","max-video-preview":"max-video-preview:-1"},"canonical":"https:\/\/domainedelafaisanderie.be\/domainedelafaisanderie\/nl\/algemene-verkoopvoorwaarden\/","og_locale":"fr_FR","og_type":"article","og_title":"Algemene verkoopvoorwaarden - DOMAINE DE LA FAISANDERIE","og_description":"Algemene verkoopvoorwaarden Condition 1 &#8211; Objet des conditions g\u00e9n\u00e9rales de vente Les pr\u00e9sentes Conditions G\u00e9n\u00e9rales de Vente d\u00e9terminent les droits et obligations des parties dans le cadre de la vente de Produits propos\u00e9s par le Vendeur. Les pr\u00e9sentes Conditions G\u00e9n\u00e9rales de Vente (CGV) s\u2019appliquent \u00e0 toutes les ventes de Produits, effectu\u00e9es en physique et au [&hellip;]","og_url":"https:\/\/domainedelafaisanderie.be\/domainedelafaisanderie\/nl\/algemene-verkoopvoorwaarden\/","og_site_name":"DOMAINE DE LA FAISANDERIE","article_publisher":"https:\/\/www.facebook.com\/profile.php?id=100090918888960","article_modified_time":"2024-11-27T10:27:48+00:00","og_image":[{"width":2560,"height":1703,"url":"https:\/\/domainedelafaisanderie.be\/domainedelafaisanderie\/wp-content\/uploads\/2023\/06\/DSC_7794-scaled.jpg","type":"image\/jpeg"}],"twitter_card":"summary_large_image","twitter_misc":{"Dur\u00e9e de lecture estim\u00e9e":"2 minutes"},"schema":{"@context":"https:\/\/schema.org","@graph":[{"@type":"WebPage","@id":"https:\/\/domainedelafaisanderie.be\/domainedelafaisanderie\/nl\/algemene-verkoopvoorwaarden\/","url":"https:\/\/domainedelafaisanderie.be\/domainedelafaisanderie\/nl\/algemene-verkoopvoorwaarden\/","name":"Algemene verkoopvoorwaarden - DOMAINE DE LA FAISANDERIE","isPartOf":{"@id":"https:\/\/domainedelafaisanderie.be\/domainedelafaisanderie\/#website"},"datePublished":"2023-03-26T17:13:32+00:00","dateModified":"2024-11-27T10:27:48+00:00","breadcrumb":{"@id":"https:\/\/domainedelafaisanderie.be\/domainedelafaisanderie\/nl\/algemene-verkoopvoorwaarden\/#breadcrumb"},"inLanguage":"fr-FR","potentialAction":[{"@type":"ReadAction","target":["https:\/\/domainedelafaisanderie.be\/domainedelafaisanderie\/nl\/algemene-verkoopvoorwaarden\/"]}]},{"@type":"BreadcrumbList","@id":"https:\/\/domainedelafaisanderie.be\/domainedelafaisanderie\/nl\/algemene-verkoopvoorwaarden\/#breadcrumb","itemListElement":[{"@type":"ListItem","position":1,"name":"Accueil","item":"https:\/\/domainedelafaisanderie.be\/domainedelafaisanderie\/"},{"@type":"ListItem","position":2,"name":"Algemene verkoopvoorwaarden"}]},{"@type":"WebSite","@id":"https:\/\/domainedelafaisanderie.be\/domainedelafaisanderie\/#website","url":"https:\/\/domainedelafaisanderie.be\/domainedelafaisanderie\/","name":"DOMAINE DE LA FAISANDERIE","description":"NUITS INSOLITES","publisher":{"@id":"https:\/\/domainedelafaisanderie.be\/domainedelafaisanderie\/#organization"},"potentialAction":[{"@type":"SearchAction","target":{"@type":"EntryPoint","urlTemplate":"https:\/\/domainedelafaisanderie.be\/domainedelafaisanderie\/?s={search_term_string}"},"query-input":{"@type":"PropertyValueSpecification","valueRequired":true,"valueName":"search_term_string"}}],"inLanguage":"fr-FR"},{"@type":"Organization","@id":"https:\/\/domainedelafaisanderie.be\/domainedelafaisanderie\/#organization","name":"DOMAINE DE LA FAISANDERIE","url":"https:\/\/domainedelafaisanderie.be\/domainedelafaisanderie\/","logo":{"@type":"ImageObject","inLanguage":"fr-FR","@id":"https:\/\/domainedelafaisanderie.be\/domainedelafaisanderie\/#\/schema\/logo\/image\/","url":"https:\/\/domainedelafaisanderie.be\/domainedelafaisanderie\/wp-content\/uploads\/2023\/08\/cropped-Logo_Entete_SIte.png","contentUrl":"https:\/\/domainedelafaisanderie.be\/domainedelafaisanderie\/wp-content\/uploads\/2023\/08\/cropped-Logo_Entete_SIte.png","width":720,"height":603,"caption":"DOMAINE DE LA FAISANDERIE"},"image":{"@id":"https:\/\/domainedelafaisanderie.be\/domainedelafaisanderie\/#\/schema\/logo\/image\/"},"sameAs":["https:\/\/www.facebook.com\/profile.php?id=100090918888960","https:\/\/www.instagram.com\/domaine_faisanderie\/"]}]}},"_links":{"self":[{"href":"https:\/\/domainedelafaisanderie.be\/domainedelafaisanderie\/wp-json\/wp\/v2\/pages\/3224","targetHints":{"allow":["GET"]}}],"collection":[{"href":"https:\/\/domainedelafaisanderie.be\/domainedelafaisanderie\/wp-json\/wp\/v2\/pages"}],"about":[{"href":"https:\/\/domainedelafaisanderie.be\/domainedelafaisanderie\/wp-json\/wp\/v2\/types\/page"}],"author":[{"embeddable":true,"href":"https:\/\/domainedelafaisanderie.be\/domainedelafaisanderie\/wp-json\/wp\/v2\/users\/1"}],"replies":[{"embeddable":true,"href":"https:\/\/domainedelafaisanderie.be\/domainedelafaisanderie\/wp-json\/wp\/v2\/comments?post=3224"}],"version-history":[{"count":7,"href":"https:\/\/domainedelafaisanderie.be\/domainedelafaisanderie\/wp-json\/wp\/v2\/pages\/3224\/revisions"}],"predecessor-version":[{"id":4449,"href":"https:\/\/domainedelafaisanderie.be\/domainedelafaisanderie\/wp-json\/wp\/v2\/pages\/3224\/revisions\/4449"}],"wp:attachment":[{"href":"https:\/\/domainedelafaisanderie.be\/domainedelafaisanderie\/wp-json\/wp\/v2\/media?parent=3224"}],"curies":[{"name":"wp","href":"https:\/\/api.w.org\/{rel}","templated":true}]}}